{"id":158,"date":"2015-10-21T16:13:18","date_gmt":"2015-10-21T14:13:18","guid":{"rendered":"http:\/\/www.ralf-gantzhorn.de\/fotografie\/?page_id=158"},"modified":"2022-03-06T12:13:50","modified_gmt":"2022-03-06T11:13:50","slug":"impressum","status":"publish","type":"page","link":"https:\/\/www.ralf-gantzhorn.de\/fotografie\/impressum\/","title":{"rendered":"Impressum"},"content":{"rendered":"<p>Fotografie Ralf Gantzhorn<br \/>\nSpahn &#038; Hennings GbR<br \/>\nBaumkamp 15<br \/>\n22299 Hamburg<br \/>\nDeutschland<\/p>\n<p>UID Nr. DE 344 901 400<\/p>\n<p>Inhaber &#038; Gesch\u00e4ftsf\u00fchrer: Birgit Spahn<br \/>\ninhaltlich Verantwortlicher gem\u00e4\u00df \u00a7 6 MDStV: Birgit Spahn<\/p>\n<p>Haftungshinweis<br \/>\nDas Angebot enth\u00e4lt Links zu externen Webseiten Dritter, auf deren Inhalte der Verlag  keinen Einfluss haben. Deshalb kann der Verlag f\u00fcr diese fremden Inhalte auch keine Gew\u00e4hr \u00fcbernehmen. F\u00fcr die Inhalte der verlinkten Seiten ist stets der jeweilige Anbieter oder Betreiber der Seiten verantwortlich. Die verlinkten Seiten wurden zum Zeitpunkt der Verlinkung auf m\u00f6gliche Rechtsverst\u00f6\u00dfe \u00fcberpr\u00fcft. Rechtswidrige Inhalte waren zum Zeitpunkt der Verlinkung nicht erkennbar. Eine permanente inhaltliche Kontrolle der verlinkten Seiten ist jedoch ohne konkrete Anhaltspunkte einer Rechtsverletzung nicht zumutbar. Bei Bekanntwerden von Rechtsverletzungen werden derartige Links umgehend entfernen.<\/p>\n<p>Urheberrecht<br \/>\nDie durch die Seitenbetreiber erstellten Inhalte und Werke auf diesen Seiten unterliegen dem deutschen Urheberrecht. Die Vervielf\u00e4ltigung, Bearbeitung, Verbreitung und jede Art der Verwertung au\u00dferhalb der Grenzen des Urheberrechtes bed\u00fcrfen der schriftlichen Zustimmung des jeweiligen Autors bzw. Erstellers. Downloads und Kopien dieser Seite sind nur f\u00fcr den privaten, nicht kommerziellen Gebrauch gestattet. Soweit die Inhalte auf dieser Seite nicht vom Betreiber erstellt wurden, werden die Urheberrechte Dritter beachtet. Insbesondere werden Inhalte Dritter als solche gekennzeichnet. Sollten Sie trotzdem auf eine Urheberrechtsverletzung aufmerksam werden, bitten wir um einen entsprechenden Hinweis. Bei Bekanntwerden von Rechtsverletzungen werden wir derartige Inhalte umgehend entfernen.<br \/>\nAlle Fotos sind urheberrechtlich gesch\u00fctzt und d\u00fcrfen nicht ohne Genehmigung, privat oder kommerziell und, in unver\u00e4nderter oder abge\u00e4nderter Form genutzt werden.<\/p>\n","protected":false},"excerpt":{"rendered":"<p>Fotografie Ralf Gantzhorn Spahn &#038; Hennings GbR Baumkamp 15 22299 Hamburg Deutschland UID Nr. DE 344 901 400 Inhaber &#038; Gesch\u00e4ftsf\u00fchrer: Birgit Spahn inhaltlich Verantwortlicher<\/p>\n","protected":false},"author":1,"featured_media":0,"parent":0,"menu_order":0,"comment_status":"closed","ping_status":"closed","template":"","meta":{"footnotes":""},"class_list":["post-158","page","type-page","status-publish","hentry"],"_links":{"self":[{"href":"https:\/\/www.ralf-gantzhorn.de\/fotografie\/wp-json\/wp\/v2\/pages\/158","targetHints":{"allow":["GET"]}}],"collection":[{"href":"https:\/\/www.ralf-gantzhorn.de\/fotografie\/wp-json\/wp\/v2\/pages"}],"about":[{"href":"https:\/\/www.ralf-gantzhorn.de\/fotografie\/wp-json\/wp\/v2\/types\/page"}],"author":[{"embeddable":true,"href":"https:\/\/www.ralf-gantzhorn.de\/fotografie\/wp-json\/wp\/v2\/users\/1"}],"replies":[{"embeddable":true,"href":"https:\/\/www.ralf-gantzhorn.de\/fotografie\/wp-json\/wp\/v2\/comments?post=158"}],"version-history":[{"count":5,"href":"https:\/\/www.ralf-gantzhorn.de\/fotografie\/wp-json\/wp\/v2\/pages\/158\/revisions"}],"predecessor-version":[{"id":2743,"href":"https:\/\/www.ralf-gantzhorn.de\/fotografie\/wp-json\/wp\/v2\/pages\/158\/revisions\/2743"}],"wp:attachment":[{"href":"https:\/\/www.ralf-gantzhorn.de\/fotografie\/wp-json\/wp\/v2\/media?parent=158"}],"curies":[{"name":"wp","href":"https:\/\/api.w.org\/{rel}","templated":true}]}}