{"id":168,"date":"2015-10-21T20:48:21","date_gmt":"2015-10-21T18:48:21","guid":{"rendered":"http:\/\/www.ralf-gantzhorn.de\/fotografie\/?page_id=168"},"modified":"2015-11-16T15:34:58","modified_gmt":"2015-11-16T14:34:58","slug":"firmen","status":"publish","type":"page","link":"https:\/\/www.ralf-gantzhorn.de\/fotografie\/firmen\/","title":{"rendered":"Sponsoren"},"content":{"rendered":"<p>Auf meine Ausr\u00fcstung muss ich mich bedingungslos verlassen k\u00f6nnen, ob fern ab von der Zivilisation oder im Mittelgebirge &#8222;um die Ecke&#8220;. Kompromisse bergen da immer nur ein vermeidbares \u00c4rgernis. Deswegen vertraue ich nur qualitativ hochwertiger Ausr\u00fcstung. Ohne Sponsoren w\u00e4ren meine Projekte nicht m\u00f6glich. Meine Erfahrungen und Anspr\u00fcche m\u00f6chte ich in die Entwickung nachhaltiger und empfehlenswerter Produkte einflie\u00dfen lassen.<br \/>\nIch danke meine Sponsoren f\u00fcr die geleistete Unterst\u00fctzung. Ein Klick auf die Logos und Sie k\u00f6nnen sehen, welchen Produkten ich vertraue.<\/p>\n<p><a target=\"_blank\"  href=\"http:\/\/www.scandic.de\/\"><img loading=\"lazy\" decoding=\"async\" width=\"200\" height=\"200\" alt=\"Woolpower\" src=\"https:\/\/www.ralf-gantzhorn.de\/fotografie\/wp-content\/uploads\/2015\/10\/woolpower-logo-200x200px.jpg\" class=\"alignleft dasSponsorenlogo size-full wp-image-397\" srcset=\"https:\/\/www.ralf-gantzhorn.de\/fotografie\/wp-content\/uploads\/2015\/10\/woolpower-logo-200x200px.jpg 200w, https:\/\/www.ralf-gantzhorn.de\/fotografie\/wp-content\/uploads\/2015\/10\/woolpower-logo-200x200px-150x150.jpg 150w\" sizes=\"auto, (max-width: 200px) 100vw, 200px\" \/><\/a><a target=\"_blank\"  href=\"http:\/\/www.rother.de\/\"><img loading=\"lazy\" decoding=\"async\" width=\"200\" height=\"200\" alt=\"Bergverlag Rother\" src=\"https:\/\/www.ralf-gantzhorn.de\/fotografie\/wp-content\/uploads\/2015\/10\/rother-logo-200x200px.jpg\" class=\"alignleft dasSponsorenlogo size-full wp-image-395\" srcset=\"https:\/\/www.ralf-gantzhorn.de\/fotografie\/wp-content\/uploads\/2015\/10\/rother-logo-200x200px.jpg 200w, https:\/\/www.ralf-gantzhorn.de\/fotografie\/wp-content\/uploads\/2015\/10\/rother-logo-200x200px-150x150.jpg 150w\" sizes=\"auto, (max-width: 200px) 100vw, 200px\" \/><\/a><a target=\"_blank\"  href=\"http:\/\/www.vaude.de\/\"><img loading=\"lazy\" decoding=\"async\" width=\"200\" height=\"200\" alt=\"Vaude\" src=\"https:\/\/www.ralf-gantzhorn.de\/fotografie\/wp-content\/uploads\/2015\/10\/vaude-logo-200x200px.jpg\" class=\"alignleft dasSponsorenlogo size-full wp-image-396\" srcset=\"https:\/\/www.ralf-gantzhorn.de\/fotografie\/wp-content\/uploads\/2015\/10\/vaude-logo-200x200px.jpg 200w, https:\/\/www.ralf-gantzhorn.de\/fotografie\/wp-content\/uploads\/2015\/10\/vaude-logo-200x200px-150x150.jpg 150w\" sizes=\"auto, (max-width: 200px) 100vw, 200px\" \/><\/a><\/p>\n<p><a target=\"_blank\"  href=\"http:\/\/www.isbjornofsweden.com\/\"><img loading=\"lazy\" decoding=\"async\" class=\"alignleft dasSponsorenlogo size-full wp-image-393\" src=\"https:\/\/www.ralf-gantzhorn.de\/fotografie\/wp-content\/uploads\/2015\/10\/isbjoern-logo-200x200px.jpg\" alt=\"ISBJ\u00d6RN of Sweden\" width=\"200\" height=\"200\" srcset=\"https:\/\/www.ralf-gantzhorn.de\/fotografie\/wp-content\/uploads\/2015\/10\/isbjoern-logo-200x200px.jpg 200w, https:\/\/www.ralf-gantzhorn.de\/fotografie\/wp-content\/uploads\/2015\/10\/isbjoern-logo-200x200px-150x150.jpg 150w\" sizes=\"auto, (max-width: 200px) 100vw, 200px\" \/><\/a><a target=\"_blank\"  href=\"http:\/\/www.roeckl.de\/\"><img loading=\"lazy\" decoding=\"async\" class=\"alignleft dasSponsorenlogo size-full wp-image-394\" src=\"https:\/\/www.ralf-gantzhorn.de\/fotografie\/wp-content\/uploads\/2015\/10\/roeckl-logo-200x200px.jpg\" alt=\"Roeckl Sports\" width=\"200\" height=\"200\" srcset=\"https:\/\/www.ralf-gantzhorn.de\/fotografie\/wp-content\/uploads\/2015\/10\/roeckl-logo-200x200px.jpg 200w, https:\/\/www.ralf-gantzhorn.de\/fotografie\/wp-content\/uploads\/2015\/10\/roeckl-logo-200x200px-150x150.jpg 150w\" sizes=\"auto, (max-width: 200px) 100vw, 200px\" \/><\/a><a target=\"_blank\"  href=\"http:\/\/www.hanwag.de\/\"><img loading=\"lazy\" decoding=\"async\" class=\"alignleft dasSponsorenlogo size-full wp-image-392\" src=\"https:\/\/www.ralf-gantzhorn.de\/fotografie\/wp-content\/uploads\/2015\/10\/hanwag-logo-200x200px.jpg\" alt=\"han wag - Outdoor Footwear since 1921\" width=\"200\" height=\"200\" srcset=\"https:\/\/www.ralf-gantzhorn.de\/fotografie\/wp-content\/uploads\/2015\/10\/hanwag-logo-200x200px.jpg 200w, https:\/\/www.ralf-gantzhorn.de\/fotografie\/wp-content\/uploads\/2015\/10\/hanwag-logo-200x200px-150x150.jpg 150w\" sizes=\"auto, (max-width: 200px) 100vw, 200px\" \/><\/a><\/p>\n<p><a target=\"_blank\"  href=\"http:\/\/contibo.com\/\"><img loading=\"lazy\" decoding=\"async\" class=\"alignleft dasSponsorenlogo size-full wp-image-392\" src=\"https:\/\/www.ralf-gantzhorn.de\/fotografie\/wp-content\/uploads\/2015\/11\/Contibo-Logo.gif\" alt=\"contibo | Integrated Media Systems\" width=\"200\" height=\"200\" \/><\/a><\/p>\n","protected":false},"excerpt":{"rendered":"<p>Auf meine Ausr\u00fcstung muss ich mich bedingungslos verlassen k\u00f6nnen, ob fern ab von der Zivilisation oder im Mittelgebirge &#8222;um die Ecke&#8220;. Kompromisse bergen da immer<\/p>\n","protected":false},"author":1,"featured_media":170,"parent":0,"menu_order":2,"comment_status":"closed","ping_status":"closed","template":"page-templates\/template-services.php","meta":{"footnotes":""},"class_list":["post-168","page","type-page","status-publish","has-post-thumbnail","hentry"],"_links":{"self":[{"href":"https:\/\/www.ralf-gantzhorn.de\/fotografie\/wp-json\/wp\/v2\/pages\/168","targetHints":{"allow":["GET"]}}],"collection":[{"href":"https:\/\/www.ralf-gantzhorn.de\/fotografie\/wp-json\/wp\/v2\/pages"}],"about":[{"href":"https:\/\/www.ralf-gantzhorn.de\/fotografie\/wp-json\/wp\/v2\/types\/page"}],"author":[{"embeddable":true,"href":"https:\/\/www.ralf-gantzhorn.de\/fotografie\/wp-json\/wp\/v2\/users\/1"}],"replies":[{"embeddable":true,"href":"https:\/\/www.ralf-gantzhorn.de\/fotografie\/wp-json\/wp\/v2\/comments?post=168"}],"version-history":[{"count":14,"href":"https:\/\/www.ralf-gantzhorn.de\/fotografie\/wp-json\/wp\/v2\/pages\/168\/revisions"}],"predecessor-version":[{"id":1578,"href":"https:\/\/www.ralf-gantzhorn.de\/fotografie\/wp-json\/wp\/v2\/pages\/168\/revisions\/1578"}],"wp:featuredmedia":[{"embeddable":true,"href":"https:\/\/www.ralf-gantzhorn.de\/fotografie\/wp-json\/wp\/v2\/media\/170"}],"wp:attachment":[{"href":"https:\/\/www.ralf-gantzhorn.de\/fotografie\/wp-json\/wp\/v2\/media?parent=168"}],"curies":[{"name":"wp","href":"https:\/\/api.w.org\/{rel}","templated":true}]}}